{"id":3127,"date":"2024-03-04T10:10:56","date_gmt":"2024-03-04T15:10:56","guid":{"rendered":"https:\/\/puertobahia.com.co\/?page_id=3127"},"modified":"2026-04-01T15:56:07","modified_gmt":"2026-04-01T20:56:07","slug":"convocatorias","status":"publish","type":"page","link":"https:\/\/puertobahia.com.co\/en\/convocatorias\/","title":{"rendered":"Convocatorias"},"content":{"rendered":"<div data-elementor-type=\"wp-page\" data-elementor-id=\"3127\" class=\"elementor elementor-3127\" data-elementor-post-type=\"page\">\n\t\t\t\t<div class=\"elementor-element elementor-element-16a5f0e4 e-con-full e-flex e-con e-parent\" data-id=\"16a5f0e4\" data-element_type=\"container\" data-settings=\"{&quot;background_background&quot;:&quot;gradient&quot;}\">\n\t\t<div class=\"elementor-element elementor-element-488d186d e-con-full e-flex e-con e-child\" data-id=\"488d186d\" data-element_type=\"container\">\n\t\t\t\t<\/div>\n\t\t\t\t<\/div>\n\t\t<div class=\"elementor-element elementor-element-30a18b0 e-flex e-con-boxed e-con e-parent\" data-id=\"30a18b0\" data-element_type=\"container\">\n\t\t\t\t\t<div class=\"e-con-inner\">\n\t\t\t\t<div class=\"elementor-element elementor-element-ddb4b04 elementor-widget elementor-widget-text-editor\" data-id=\"ddb4b04\" data-element_type=\"widget\" data-widget_type=\"text-editor.default\">\n\t\t\t\t<div class=\"elementor-widget-container\">\n\t\t\t\t\t\t\t\t\t<p data-start=\"317\" data-end=\"471\">Entendemos el inter\u00e9s de muchas personas por hacer parte de nuestro equipo; por eso, actuamos con transparencia y responsabilidad en nuestra comunicaci\u00f3n.<\/p><p data-start=\"473\" data-end=\"826\">Los procesos de vinculaci\u00f3n se rigen por principios de integridad, respeto y confianza. En ese sentido, <strong data-start=\"577\" data-end=\"705\">Puerto Bah\u00eda no solicita pagos, no utiliza intermediarios ni gestiona procesos de selecci\u00f3n a trav\u00e9s de canales no oficiales<\/strong>. Tampoco se requiere informaci\u00f3n personal o financiera por fuera de los espacios formales definidos por la organizaci\u00f3n.<\/p><p data-start=\"828\" data-end=\"1095\">Cuando se abren oportunidades, estas se comunican exclusivamente a trav\u00e9s de nuestros canales institucionales, visibles en esta secci\u00f3n, y bajo un proceso estructurado, coherente con nuestro prop\u00f3sito de <strong data-start=\"1032\" data-end=\"1094\">conectar comunidades y mover energ\u00eda de manera responsable<\/strong>.<\/p>\t\t\t\t\t\t\t\t<\/div>\n\t\t\t\t<\/div>\n\t\t\t\t<div class=\"elementor-element elementor-element-a4c4c83 elementor-widget-divider--view-line elementor-widget elementor-widget-divider\" data-id=\"a4c4c83\" data-element_type=\"widget\" data-widget_type=\"divider.default\">\n\t\t\t\t<div class=\"elementor-widget-container\">\n\t\t\t\t\t\t\t<div class=\"elementor-divider\">\n\t\t\t<span class=\"elementor-divider-separator\">\n\t\t\t\t\t\t<\/span>\n\t\t<\/div>\n\t\t\t\t\t\t<\/div>\n\t\t\t\t<\/div>\n\t\t<div class=\"elementor-element elementor-element-0a134ac e-con-full e-flex e-con e-child\" data-id=\"0a134ac\" data-element_type=\"container\">\n\t\t\t\t<div class=\"elementor-element elementor-element-9326cff elementor-widget elementor-widget-text-editor\" data-id=\"9326cff\" data-element_type=\"widget\" data-widget_type=\"text-editor.default\">\n\t\t\t\t<div class=\"elementor-widget-container\">\n\t\t\t\t\t\t\t\t\t<p><b><span data-contrast=\"auto\">Cargo:\u00a0<\/span><\/b><span data-contrast=\"auto\">Planeador\/a de Operaciones<\/span><\/p><p><b><span data-contrast=\"auto\">Vacantes disponibles:<\/span><\/b><span data-contrast=\"auto\">\u00a01<\/span><span data-ccp-props=\"{&quot;335559738&quot;:240,&quot;335559739&quot;:240}\">\u00a0<\/span><\/p><p><b><span data-contrast=\"auto\">Empresa contratante:<\/span><\/b><span data-contrast=\"auto\"> Sociedad Portuaria Puerto Bah\u00eda<\/span><\/p><p><b><span data-contrast=\"auto\">Fecha de postulaci\u00f3n:<\/span><\/b><span data-contrast=\"auto\"> del 1 al 7 de abril de 2026<\/span>\u00a0<\/p><p><a href=\"https:\/\/puertobahia.com.co\/wp-content\/uploads\/2026\/04\/CONVOCATORIA-SPPB-PLANEADOR-DE-OPERACIONES.pdf\" target=\"_blank\" rel=\"noopener\"><b><span data-contrast=\"auto\">\u00a1Conoce la convocatoria completa aqu\u00ed!<\/span><\/b><span data-ccp-props=\"{&quot;335559738&quot;:240,&quot;335559739&quot;:240}\">\u00a0<\/span><\/a><\/p>\t\t\t\t\t\t\t\t<\/div>\n\t\t\t\t<\/div>\n\t\t\t\t<div class=\"elementor-element elementor-element-39d1f47 elementor-widget-divider--view-line elementor-widget elementor-widget-divider\" data-id=\"39d1f47\" data-element_type=\"widget\" data-widget_type=\"divider.default\">\n\t\t\t\t<div class=\"elementor-widget-container\">\n\t\t\t\t\t\t\t<div class=\"elementor-divider\">\n\t\t\t<span class=\"elementor-divider-separator\">\n\t\t\t\t\t\t<\/span>\n\t\t<\/div>\n\t\t\t\t\t\t<\/div>\n\t\t\t\t<\/div>\n\t\t\t\t<div class=\"elementor-element elementor-element-a7b51b3 elementor-widget elementor-widget-text-editor\" data-id=\"a7b51b3\" data-element_type=\"widget\" data-widget_type=\"text-editor.default\">\n\t\t\t\t<div class=\"elementor-widget-container\">\n\t\t\t\t\t\t\t\t\t<p><b><span data-contrast=\"auto\">Cargo: <\/span><\/b><span data-contrast=\"auto\">Superviso<\/span><span data-contrast=\"auto\">r\/a de Operaciones<\/span><\/p><p><b><span data-contrast=\"auto\">Vacantes disponibles:<\/span><\/b><span data-contrast=\"auto\">\u00a01<\/span><span data-ccp-props=\"{&quot;335559738&quot;:240,&quot;335559739&quot;:240}\">\u00a0<\/span><\/p><p><b><span data-contrast=\"auto\">Empresa contratante:<\/span><\/b><span data-contrast=\"auto\"> Sociedad Portuaria Puerto Bah\u00eda<\/span><\/p><p><b><span data-contrast=\"auto\">Fecha de postulaci\u00f3n:<\/span><\/b><span data-contrast=\"auto\"> del 1 al 7 de abril de 2026<\/span>\u00a0<\/p><p><a href=\"https:\/\/puertobahia.com.co\/wp-content\/uploads\/2026\/04\/CONVOCATORIA-SPPB-SUPERVISOR-DE-OPERACIONES.pdf\" target=\"_blank\" rel=\"noopener\"><b><span data-contrast=\"auto\">\u00a1Conoce la convocatoria completa aqu\u00ed!<\/span><\/b><span data-ccp-props=\"{&quot;335559738&quot;:240,&quot;335559739&quot;:240}\">\u00a0<\/span><\/a><\/p>\t\t\t\t\t\t\t\t<\/div>\n\t\t\t\t<\/div>\n\t\t\t\t<div class=\"elementor-element elementor-element-72056a6 elementor-widget-divider--view-line elementor-widget elementor-widget-divider\" data-id=\"72056a6\" data-element_type=\"widget\" data-widget_type=\"divider.default\">\n\t\t\t\t<div class=\"elementor-widget-container\">\n\t\t\t\t\t\t\t<div class=\"elementor-divider\">\n\t\t\t<span class=\"elementor-divider-separator\">\n\t\t\t\t\t\t<\/span>\n\t\t<\/div>\n\t\t\t\t\t\t<\/div>\n\t\t\t\t<\/div>\n\t\t\t\t<div class=\"elementor-element elementor-element-6b136fc elementor-widget elementor-widget-text-editor\" data-id=\"6b136fc\" data-element_type=\"widget\" data-widget_type=\"text-editor.default\">\n\t\t\t\t<div class=\"elementor-widget-container\">\n\t\t\t\t\t\t\t\t\t<p><b><span data-contrast=\"auto\">Cargo:\u00a0<\/span><\/b><span data-contrast=\"auto\">Estibador\/a Portuario<\/span><\/p><p><b><span data-contrast=\"auto\">Vacantes disponibles:<\/span><\/b><span data-contrast=\"auto\"> 24<\/span><\/p><p><b><span data-contrast=\"auto\">Empresa contratante:<\/span><\/b><span data-contrast=\"auto\"> KARGO SAFE SAS\u00a0<\/span><\/p><p><b><span data-contrast=\"auto\">Fecha de postulaci\u00f3n:<\/span><\/b><span data-contrast=\"auto\"> del 1 al 10 de abril de 2026<\/span>\u00a0<\/p><p><a href=\"https:\/\/puertobahia.com.co\/wp-content\/uploads\/2026\/04\/Convocatoria-KS-.pdf\" target=\"_blank\" rel=\"noopener\"><b><span data-contrast=\"auto\">\u00a1Conoce la convocatoria completa aqu\u00ed!<\/span><\/b><span data-ccp-props=\"{&quot;335559738&quot;:240,&quot;335559739&quot;:240}\">\u00a0<\/span><\/a><\/p>\t\t\t\t\t\t\t\t<\/div>\n\t\t\t\t<\/div>\n\t\t\t\t<div class=\"elementor-element elementor-element-cf1790d elementor-widget-divider--view-line elementor-widget elementor-widget-divider\" data-id=\"cf1790d\" data-element_type=\"widget\" data-widget_type=\"divider.default\">\n\t\t\t\t<div class=\"elementor-widget-container\">\n\t\t\t\t\t\t\t<div class=\"elementor-divider\">\n\t\t\t<span class=\"elementor-divider-separator\">\n\t\t\t\t\t\t<\/span>\n\t\t<\/div>\n\t\t\t\t\t\t<\/div>\n\t\t\t\t<\/div>\n\t\t\t\t<div class=\"elementor-element elementor-element-616c9a1 elementor-widget elementor-widget-text-editor\" data-id=\"616c9a1\" data-element_type=\"widget\" data-widget_type=\"text-editor.default\">\n\t\t\t\t<div class=\"elementor-widget-container\">\n\t\t\t\t\t\t\t\t\t<p><b><span data-contrast=\"auto\">Cargo:\u00a0<\/span><\/b><span data-contrast=\"auto\">Conductor\/a de Tractocami\u00f3n Articulado<\/span><\/p><p><b><span data-contrast=\"auto\">Vacantes disponibles:<\/span><\/b><span data-contrast=\"auto\"> 10<\/span><\/p><p><b><span data-contrast=\"auto\">Empresa contratante:<\/span><\/b><span data-contrast=\"auto\"> KARGO SAFE SAS\u00a0<\/span><\/p><p><b><span data-contrast=\"auto\">Fecha de postulaci\u00f3n:<\/span><\/b><span data-contrast=\"auto\"> del 1 al 10 de abril de 2026<\/span>\u00a0<\/p><p><a href=\"https:\/\/puertobahia.com.co\/wp-content\/uploads\/2026\/04\/Convocatoria-KS-Tractocamion-.pdf\" target=\"_blank\" rel=\"noopener\"><b><span data-contrast=\"auto\">\u00a1Conoce la convocatoria completa aqu\u00ed!<\/span><\/b><span data-ccp-props=\"{&quot;335559738&quot;:240,&quot;335559739&quot;:240}\">\u00a0<\/span><\/a><\/p>\t\t\t\t\t\t\t\t<\/div>\n\t\t\t\t<\/div>\n\t\t\t\t<div class=\"elementor-element elementor-element-10b0712 elementor-widget-divider--view-line elementor-widget elementor-widget-divider\" data-id=\"10b0712\" data-element_type=\"widget\" data-widget_type=\"divider.default\">\n\t\t\t\t<div class=\"elementor-widget-container\">\n\t\t\t\t\t\t\t<div class=\"elementor-divider\">\n\t\t\t<span class=\"elementor-divider-separator\">\n\t\t\t\t\t\t<\/span>\n\t\t<\/div>\n\t\t\t\t\t\t<\/div>\n\t\t\t\t<\/div>\n\t\t\t\t<\/div>\n\t\t<div class=\"elementor-element elementor-element-e531eee e-con-full e-flex e-con e-child\" data-id=\"e531eee\" data-element_type=\"container\">\n\t\t\t\t<div class=\"elementor-element elementor-element-ab5df02 elementor-widget elementor-widget-text-editor\" data-id=\"ab5df02\" data-element_type=\"widget\" data-widget_type=\"text-editor.default\">\n\t\t\t\t<div class=\"elementor-widget-container\">\n\t\t\t\t\t\t\t\t\t<p><strong>Para conocer c\u00f3mo funciona nuestro proceso de convocatoria y selecci\u00f3n, te invitamos a ver el siguiente video:<\/strong><\/p>\t\t\t\t\t\t\t\t<\/div>\n\t\t\t\t<\/div>\n\t\t\t\t<\/div>\n\t\t\t\t\t<\/div>\n\t\t\t\t<\/div>\n\t\t<div class=\"elementor-element elementor-element-f0c3034 e-flex e-con-boxed e-con e-parent\" data-id=\"f0c3034\" data-element_type=\"container\">\n\t\t\t\t\t<div class=\"e-con-inner\">\n\t\t\t\t<div class=\"elementor-element elementor-element-a380288 elementor-widget elementor-widget-video\" data-id=\"a380288\" data-element_type=\"widget\" data-settings=\"{&quot;youtube_url&quot;:&quot;https:\\\/\\\/www.youtube.com\\\/watch?v=Eza0QihYs98&quot;,&quot;autoplay&quot;:&quot;yes&quot;,&quot;video_type&quot;:&quot;youtube&quot;,&quot;controls&quot;:&quot;yes&quot;}\" data-widget_type=\"video.default\">\n\t\t\t\t<div class=\"elementor-widget-container\">\n\t\t\t\t\t\t\t<div class=\"elementor-wrapper elementor-open-inline\">\n\t\t\t<div class=\"elementor-video\"><\/div>\t\t<\/div>\n\t\t\t\t\t\t<\/div>\n\t\t\t\t<\/div>\n\t\t\t\t\t<\/div>\n\t\t\t\t<\/div>\n\t\t\t\t<\/div>","protected":false},"excerpt":{"rendered":"<p>Entendemos el inter\u00e9s de muchas personas por hacer parte de nuestro equipo; por eso, actuamos con transparencia y responsabilidad en nuestra comunicaci\u00f3n. Los procesos de vinculaci\u00f3n se rigen por principios de integridad, respeto y confianza. En ese sentido, Puerto Bah\u00eda no solicita pagos, no utiliza intermediarios ni gestiona procesos de selecci\u00f3n a trav\u00e9s de canales [&hellip;]<\/p>","protected":false},"author":1,"featured_media":0,"parent":0,"menu_order":0,"comment_status":"closed","ping_status":"closed","template":"elementor_header_footer","meta":{"footnotes":""},"class_list":["post-3127","page","type-page","status-publish","hentry"],"_links":{"self":[{"href":"https:\/\/puertobahia.com.co\/en\/wp-json\/wp\/v2\/pages\/3127","targetHints":{"allow":["GET"]}}],"collection":[{"href":"https:\/\/puertobahia.com.co\/en\/wp-json\/wp\/v2\/pages"}],"about":[{"href":"https:\/\/puertobahia.com.co\/en\/wp-json\/wp\/v2\/types\/page"}],"author":[{"embeddable":true,"href":"https:\/\/puertobahia.com.co\/en\/wp-json\/wp\/v2\/users\/1"}],"replies":[{"embeddable":true,"href":"https:\/\/puertobahia.com.co\/en\/wp-json\/wp\/v2\/comments?post=3127"}],"version-history":[{"count":347,"href":"https:\/\/puertobahia.com.co\/en\/wp-json\/wp\/v2\/pages\/3127\/revisions"}],"predecessor-version":[{"id":4571,"href":"https:\/\/puertobahia.com.co\/en\/wp-json\/wp\/v2\/pages\/3127\/revisions\/4571"}],"wp:attachment":[{"href":"https:\/\/puertobahia.com.co\/en\/wp-json\/wp\/v2\/media?parent=3127"}],"curies":[{"name":"wp","href":"https:\/\/api.w.org\/{rel}","templated":true}]}}