{"id":1843,"date":"2023-10-26T21:14:47","date_gmt":"2023-10-26T21:14:47","guid":{"rendered":"https:\/\/puertobahia.com.co\/?page_id=1843"},"modified":"2025-02-18T12:51:55","modified_gmt":"2025-02-18T17:51:55","slug":"formatos-y-guias-2","status":"publish","type":"page","link":"https:\/\/puertobahia.com.co\/en\/formatos-y-guias-2\/","title":{"rendered":"Formatos y Gu\u00edas Proveedores"},"content":{"rendered":"<style>\/*! elementor - v3.17.0 - 08-11-2023 *\/\n.elementor-widget-image{text-align:center}.elementor-widget-image a{display:inline-block}.elementor-widget-image a img[src$=\".svg\"]{width:48px}.elementor-widget-image img{vertical-align:middle;display:inline-block}<\/style>\n<p>\t\t\t\t\t\t\t\t\t\t\t\t<img loading=\"lazy\" decoding=\"async\" width=\"800\" height=\"534\" src=\"https:\/\/puertobahia.com.co\/wp-content\/uploads\/2023\/10\/Clientes-1-1024x683.jpg\" alt=\"\" srcset=\"https:\/\/puertobahia.com.co\/wp-content\/uploads\/2023\/10\/Clientes-1-1024x683.jpg 1024w, https:\/\/puertobahia.com.co\/wp-content\/uploads\/2023\/10\/Clientes-1-300x200.jpg 300w, https:\/\/puertobahia.com.co\/wp-content\/uploads\/2023\/10\/Clientes-1-768x512.jpg 768w, https:\/\/puertobahia.com.co\/wp-content\/uploads\/2023\/10\/Clientes-1-1536x1024.jpg 1536w, https:\/\/puertobahia.com.co\/wp-content\/uploads\/2023\/10\/Clientes-1.jpg 2048w\" sizes=\"auto, (max-width: 800px) 100vw, 800px\" \/>\t\t\t\t\t\t\t\t\t\t\t\t\t\t\t<\/p>\n<style>\/*! elementor - v3.17.0 - 08-11-2023 *\/\n.elementor-heading-title{padding:0;margin:0;line-height:1}.elementor-widget-heading .elementor-heading-title[class*=elementor-size-]>a{color:inherit;font-size:inherit;line-height:inherit}.elementor-widget-heading .elementor-heading-title.elementor-size-small{font-size:15px}.elementor-widget-heading .elementor-heading-title.elementor-size-medium{font-size:19px}.elementor-widget-heading .elementor-heading-title.elementor-size-large{font-size:29px}.elementor-widget-heading .elementor-heading-title.elementor-size-xl{font-size:39px}.elementor-widget-heading .elementor-heading-title.elementor-size-xxl{font-size:59px}<\/style>\n<h2>Contractors and Suppliers<\/h2>\n<p>We have opened this space with the aim of having an additional channel of communication with you, through which you can consult some documents of interest, learn news about the Company and be able to present your queries, requests, complaints and claims. We hope you like it, you can strengthen the relationship that unites us and continue moving forward together as strategic allies.<\/p>\n<link rel=\"stylesheet\" href=\"https:\/\/puertobahia.com.co\/wp-content\/uploads\/elementor\/css\/custom-widget-icon-list.min.css?ver=1699464546\">\n<ul>\n<li>\n\t\t\t\t\t\t\t\t\t\t\t<a href=\"https:\/\/puertobahia.com.co\/wp-content\/uploads\/2023\/10\/PR-GZOFR-1-Procedimiento-Ingreso-y-Salida-por-Zona-Franca.pdf\" target=\"_blank\" rel=\"noopener\"><br \/>\n\t\t\t\t\t\t\t\t\t\tPR-GZOFR-1 Procedimiento Ingreso y Salida por Zona Franca<br \/>\n\t\t\t\t\t\t\t\t\t\t\t<\/a>\n\t\t\t\t\t\t\t\t\t<\/li>\n<li>\n\t\t\t\t\t\t\t\t\t\t\t<a href=\"https:\/\/puertobahia.com.co\/wp-content\/uploads\/2023\/10\/PR-GESST-05-Procedimiento-de-Permisos-de-Trabajo.pdf\" target=\"_blank\" rel=\"noopener\"><br \/>\n\t\t\t\t\t\t\t\t\t\tPR-GESST-05 Procedimiento de Permisos de Trabajo<br \/>\n\t\t\t\t\t\t\t\t\t\t\t<\/a>\n\t\t\t\t\t\t\t\t\t<\/li>\n<li>\n\t\t\t\t\t\t\t\t\t\t\t<a href=\"https:\/\/puertobahia.com.co\/wp-content\/uploads\/2023\/10\/IN-GZOFR-01-Solicitudes-De-Ingreso-Y-Salida-De-Zona-Franca.pdf\" target=\"_blank\" rel=\"noopener\"><br \/>\n\t\t\t\t\t\t\t\t\t\tIN-GZOFR-01 Solicitudes De Ingreso Y Salida De Zona Franca<br \/>\n\t\t\t\t\t\t\t\t\t\t\t<\/a>\n\t\t\t\t\t\t\t\t\t<\/li>\n<\/ul>","protected":false},"excerpt":{"rendered":"<p>Contratistas y Proveedores Hemos abierto este espacio con el \u00e1nimo de tener un canal adicional de comunicaci\u00f3n con ustedes, mediante el cual ustedes puedan consultar algunos documentos de su inter\u00e9s, conocer noticias de la Compa\u00f1\u00eda y\u00a0 poder presentar sus consultas, peticiones,\u00a0 quejas y reclamos. Esperamos sea de su agrado, pueda afianzar la relaci\u00f3n que nos [&hellip;]<\/p>","protected":false},"author":1,"featured_media":0,"parent":0,"menu_order":0,"comment_status":"closed","ping_status":"closed","template":"elementor_header_footer","meta":{"footnotes":""},"class_list":["post-1843","page","type-page","status-publish","hentry"],"_links":{"self":[{"href":"https:\/\/puertobahia.com.co\/en\/wp-json\/wp\/v2\/pages\/1843","targetHints":{"allow":["GET"]}}],"collection":[{"href":"https:\/\/puertobahia.com.co\/en\/wp-json\/wp\/v2\/pages"}],"about":[{"href":"https:\/\/puertobahia.com.co\/en\/wp-json\/wp\/v2\/types\/page"}],"author":[{"embeddable":true,"href":"https:\/\/puertobahia.com.co\/en\/wp-json\/wp\/v2\/users\/1"}],"replies":[{"embeddable":true,"href":"https:\/\/puertobahia.com.co\/en\/wp-json\/wp\/v2\/comments?post=1843"}],"version-history":[{"count":48,"href":"https:\/\/puertobahia.com.co\/en\/wp-json\/wp\/v2\/pages\/1843\/revisions"}],"predecessor-version":[{"id":2963,"href":"https:\/\/puertobahia.com.co\/en\/wp-json\/wp\/v2\/pages\/1843\/revisions\/2963"}],"wp:attachment":[{"href":"https:\/\/puertobahia.com.co\/en\/wp-json\/wp\/v2\/media?parent=1843"}],"curies":[{"name":"wp","href":"https:\/\/api.w.org\/{rel}","templated":true}]}}